{"id":1262,"date":"2022-06-29T15:31:40","date_gmt":"2022-06-29T13:31:40","guid":{"rendered":"https:\/\/nachhilfe.schulen-nl.de\/nachhilfee-wp\/?page_id=1262"},"modified":"2023-07-31T18:24:29","modified_gmt":"2023-07-31T16:24:29","slug":"neues-zur-nachhilfee","status":"publish","type":"page","link":"https:\/\/nachhilfe.schulen-nl.de\/nachhilfee-wp\/neues-zur-nachhilfee\/","title":{"rendered":"Neues zur NachhilFEE"},"content":{"rendered":"\t\t<div data-elementor-type=\"wp-page\" data-elementor-id=\"1262\" class=\"elementor elementor-1262\" data-elementor-post-type=\"page\">\n\t\t\t\t\t\t<section class=\"elementor-section elementor-top-section elementor-element elementor-element-42ed78eb elementor-section-full_width elementor-section-height-default elementor-section-height-default\" data-id=\"42ed78eb\" data-element_type=\"section\" data-e-type=\"section\">\n\t\t\t\t\t\t<div class=\"elementor-container elementor-column-gap-default\">\n\t\t\t\t\t<div class=\"elementor-column elementor-col-100 elementor-top-column elementor-element elementor-element-6a701d8f\" data-id=\"6a701d8f\" data-element_type=\"column\" data-e-type=\"column\">\n\t\t\t<div class=\"elementor-widget-wrap elementor-element-populated\">\n\t\t\t\t\t\t<div class=\"elementor-element elementor-element-6fb89588 elementor-widget elementor-widget-template\" data-id=\"6fb89588\" data-element_type=\"widget\" data-e-type=\"widget\" data-widget_type=\"template.default\">\n\t\t\t\t<div class=\"elementor-widget-container\">\n\t\t\t\t\t\t\t<div class=\"elementor-template\">\n\t\t\t\t\t<div data-elementor-type=\"section\" data-elementor-id=\"1231\" class=\"elementor elementor-1231\" data-elementor-post-type=\"elementor_library\">\n\t\t\t\t\t<section class=\"elementor-section elementor-top-section elementor-element elementor-element-66c28d40 elementor-hidden-desktop elementor-reverse-tablet elementor-reverse-mobile elementor-section-boxed elementor-section-height-default elementor-section-height-default\" data-id=\"66c28d40\" data-element_type=\"section\" data-e-type=\"section\" data-settings=\"{&quot;background_background&quot;:&quot;classic&quot;}\">\n\t\t\t\t\t\t\t<div class=\"elementor-background-overlay\"><\/div>\n\t\t\t\t\t\t\t<div class=\"elementor-container elementor-column-gap-default\">\n\t\t\t\t\t<div class=\"elementor-column elementor-col-100 elementor-top-column elementor-element elementor-element-e4de3ec\" data-id=\"e4de3ec\" data-element_type=\"column\" data-e-type=\"column\">\n\t\t\t<div class=\"elementor-widget-wrap elementor-element-populated\">\n\t\t\t\t\t\t<div class=\"elementor-element elementor-element-70b7f1b2 elementor-widget elementor-widget-text-editor\" data-id=\"70b7f1b2\" data-element_type=\"widget\" data-e-type=\"widget\" data-widget_type=\"text-editor.default\">\n\t\t\t\t<div class=\"elementor-widget-container\">\n\t\t\t\t\t\t\t\t\t<h5 style=\"margin-bottom: 5px;\"><strong>AUSGEZEICHNET<\/strong><\/h5>\ndurch den Bundespreis \u201eMehrgenerationenhaus <strong>#GemeinsamMehr\u201c<\/strong>\t\t\t\t\t\t\t\t<\/div>\n\t\t\t\t<\/div>\n\t\t\t\t\t<\/div>\n\t\t<\/div>\n\t\t\t\t\t<\/div>\n\t\t<\/section>\n\t\t\t\t<section class=\"elementor-section elementor-top-section elementor-element elementor-element-d814746 elementor-section-full_width elementor-reverse-tablet elementor-reverse-mobile elementor-section-height-default elementor-section-height-default\" data-id=\"d814746\" data-element_type=\"section\" data-e-type=\"section\" data-settings=\"{&quot;background_background&quot;:&quot;classic&quot;}\">\n\t\t\t\t\t\t<div class=\"elementor-container elementor-column-gap-default\">\n\t\t\t\t\t<div class=\"elementor-column elementor-col-25 elementor-top-column elementor-element elementor-element-383d86ef\" data-id=\"383d86ef\" data-element_type=\"column\" data-e-type=\"column\">\n\t\t\t<div class=\"elementor-widget-wrap\">\n\t\t\t\t\t\t\t<\/div>\n\t\t<\/div>\n\t\t\t\t<div class=\"elementor-column elementor-col-50 elementor-top-column elementor-element elementor-element-6e49746b\" data-id=\"6e49746b\" data-element_type=\"column\" data-e-type=\"column\">\n\t\t\t<div class=\"elementor-widget-wrap elementor-element-populated\">\n\t\t\t\t\t\t<div class=\"elementor-element elementor-element-29c984e elementor-invisible elementor-widget elementor-widget-global elementor-global-1333 elementor-widget-heading\" data-id=\"29c984e\" data-element_type=\"widget\" data-e-type=\"widget\" data-settings=\"{&quot;_animation&quot;:&quot;fadeInLeft&quot;}\" data-widget_type=\"heading.default\">\n\t\t\t\t<div class=\"elementor-widget-container\">\n\t\t\t\t\t<h1 class=\"elementor-heading-title elementor-size-default\"><mark>Neues zur NachhilFEE<\/mark><\/h1>\t\t\t\t<\/div>\n\t\t\t\t<\/div>\n\t\t\t\t<section class=\"elementor-section elementor-inner-section elementor-element elementor-element-f1ed8b8 elementor-section-boxed elementor-section-height-default elementor-section-height-default\" data-id=\"f1ed8b8\" data-element_type=\"section\" data-e-type=\"section\">\n\t\t\t\t\t\t<div class=\"elementor-container elementor-column-gap-default\">\n\t\t\t\t\t<div class=\"elementor-column elementor-col-100 elementor-inner-column elementor-element elementor-element-f2603d3\" data-id=\"f2603d3\" data-element_type=\"column\" data-e-type=\"column\">\n\t\t\t<div class=\"elementor-widget-wrap elementor-element-populated\">\n\t\t\t\t\t\t<div class=\"elementor-element elementor-element-7c950202 elementor-widget__width-initial elementor-widget-tablet__width-initial elementor-invisible elementor-widget elementor-widget-image\" data-id=\"7c950202\" data-element_type=\"widget\" data-e-type=\"widget\" data-settings=\"{&quot;_animation&quot;:&quot;zoomIn&quot;,&quot;_animation_delay&quot;:400}\" data-widget_type=\"image.default\">\n\t\t\t\t<div class=\"elementor-widget-container\">\n\t\t\t\t\t\t\t\t\t\t\t\t\t\t\t<img decoding=\"async\" src=\"https:\/\/nachhilfe.schulen-nl.de\/nachhilfee-wp\/wp-content\/uploads\/2022\/06\/Star-3.svg\" title=\"Star-3\" alt=\"Star-3\" loading=\"lazy\" \/>\t\t\t\t\t\t\t\t\t\t\t\t\t\t\t<\/div>\n\t\t\t\t<\/div>\n\t\t\t\t<div class=\"elementor-element elementor-element-3d3086e3 elementor-widget__width-initial elementor-invisible elementor-widget elementor-widget-image\" data-id=\"3d3086e3\" data-element_type=\"widget\" data-e-type=\"widget\" data-settings=\"{&quot;_animation&quot;:&quot;zoomIn&quot;,&quot;_animation_delay&quot;:700}\" data-widget_type=\"image.default\">\n\t\t\t\t<div class=\"elementor-widget-container\">\n\t\t\t\t\t\t\t\t\t\t\t\t\t\t\t<img decoding=\"async\" src=\"https:\/\/nachhilfe.schulen-nl.de\/nachhilfee-wp\/wp-content\/uploads\/2022\/06\/Star-3.svg\" title=\"Star-3\" alt=\"Star-3\" loading=\"lazy\" \/>\t\t\t\t\t\t\t\t\t\t\t\t\t\t\t<\/div>\n\t\t\t\t<\/div>\n\t\t\t\t\t<\/div>\n\t\t<\/div>\n\t\t\t\t\t<\/div>\n\t\t<\/section>\n\t\t\t\t\t<\/div>\n\t\t<\/div>\n\t\t\t\t<div class=\"elementor-column elementor-col-25 elementor-top-column elementor-element elementor-element-1e740f27 elementor-hidden-mobile elementor-hidden-tablet elementor-invisible\" data-id=\"1e740f27\" data-element_type=\"column\" data-e-type=\"column\" id=\"award\" data-settings=\"{&quot;animation&quot;:&quot;rotateInDownRight&quot;,&quot;animation_delay&quot;:700,&quot;background_background&quot;:&quot;classic&quot;}\">\n\t\t\t<div class=\"elementor-widget-wrap elementor-element-populated\">\n\t\t\t\t\t\t<div class=\"elementor-element elementor-element-7b7c7b58 elementor-widget elementor-widget-text-editor\" data-id=\"7b7c7b58\" data-element_type=\"widget\" data-e-type=\"widget\" data-widget_type=\"text-editor.default\">\n\t\t\t\t<div class=\"elementor-widget-container\">\n\t\t\t\t\t\t\t\t\t<p>AUSGEZEICHNET<\/p>\t\t\t\t\t\t\t\t<\/div>\n\t\t\t\t<\/div>\n\t\t\t\t<div class=\"elementor-element elementor-element-50092c0 elementor-widget elementor-widget-text-editor\" data-id=\"50092c0\" data-element_type=\"widget\" data-e-type=\"widget\" data-widget_type=\"text-editor.default\">\n\t\t\t\t<div class=\"elementor-widget-container\">\n\t\t\t\t\t\t\t\t\t<p>durch den Bundespreis \u201eMehrgenerationenhaus<strong> #GemeinsamMehr\u201c<\/strong><\/p>\t\t\t\t\t\t\t\t<\/div>\n\t\t\t\t<\/div>\n\t\t\t\t<div class=\"elementor-element elementor-element-44f2d3d elementor-widget elementor-widget-image\" data-id=\"44f2d3d\" data-element_type=\"widget\" data-e-type=\"widget\" data-widget_type=\"image.default\">\n\t\t\t\t<div class=\"elementor-widget-container\">\n\t\t\t\t\t\t\t\t\t\t\t\t\t\t\t\t<a href=\"https:\/\/www.bmfsfj.de\/bmfsfj\/aktuelles\/alle-meldungen\/sechs-mehrgenerationenhaeuser-ausgezeichnet-197080\" target=\"_blank\">\n\t\t\t\t\t\t\t<img fetchpriority=\"high\" decoding=\"async\" width=\"800\" height=\"282\" src=\"https:\/\/nachhilfe.schulen-nl.de\/nachhilfee-wp\/wp-content\/uploads\/2022\/06\/mgh_logo.svg\" class=\"attachment-large size-large wp-image-384\" alt=\"\" \/>\t\t\t\t\t\t\t\t<\/a>\n\t\t\t\t\t\t\t\t\t\t\t\t\t\t\t<\/div>\n\t\t\t\t<\/div>\n\t\t\t\t\t<\/div>\n\t\t<\/div>\n\t\t\t\t\t<\/div>\n\t\t<\/section>\n\t\t\t\t<\/div>\n\t\t\t\t<\/div>\n\t\t\t\t\t\t<\/div>\n\t\t\t\t<\/div>\n\t\t\t\t\t<\/div>\n\t\t<\/div>\n\t\t\t\t\t<\/div>\n\t\t<\/section>\n\t\t\t\t<section class=\"elementor-section elementor-top-section elementor-element elementor-element-2b268e4 elementor-section-boxed elementor-section-height-default elementor-section-height-default\" data-id=\"2b268e4\" data-element_type=\"section\" data-e-type=\"section\">\n\t\t\t\t\t\t<div class=\"elementor-container elementor-column-gap-default\">\n\t\t\t\t\t<div class=\"elementor-column elementor-col-16 elementor-top-column elementor-element elementor-element-58a390f elementor-hidden-tablet elementor-hidden-mobile\" data-id=\"58a390f\" data-element_type=\"column\" data-e-type=\"column\">\n\t\t\t<div class=\"elementor-widget-wrap\">\n\t\t\t\t\t\t\t<\/div>\n\t\t<\/div>\n\t\t\t\t<div class=\"elementor-column elementor-col-66 elementor-top-column elementor-element elementor-element-78e8c2f\" data-id=\"78e8c2f\" data-element_type=\"column\" data-e-type=\"column\">\n\t\t\t<div class=\"elementor-widget-wrap elementor-element-populated\">\n\t\t\t\t\t\t<div class=\"elementor-element elementor-element-da114fa elementor-grid-1 elementor-posts--thumbnail-none elementor-grid-tablet-1 elementor-grid-mobile-1 elementor-card-shadow-yes elementor-posts__hover-gradient elementor-widget elementor-widget-posts\" data-id=\"da114fa\" data-element_type=\"widget\" data-e-type=\"widget\" data-settings=\"{&quot;cards_columns&quot;:&quot;1&quot;,&quot;pagination_type&quot;:&quot;numbers&quot;,&quot;cards_columns_tablet&quot;:&quot;1&quot;,&quot;cards_columns_mobile&quot;:&quot;1&quot;,&quot;cards_row_gap&quot;:{&quot;unit&quot;:&quot;px&quot;,&quot;size&quot;:35,&quot;sizes&quot;:[]},&quot;cards_row_gap_tablet&quot;:{&quot;unit&quot;:&quot;px&quot;,&quot;size&quot;:&quot;&quot;,&quot;sizes&quot;:[]},&quot;cards_row_gap_mobile&quot;:{&quot;unit&quot;:&quot;px&quot;,&quot;size&quot;:&quot;&quot;,&quot;sizes&quot;:[]}}\" data-widget_type=\"posts.cards\">\n\t\t\t\t<div class=\"elementor-widget-container\">\n\t\t\t\t\t\t\t<div class=\"elementor-posts-container elementor-posts elementor-posts--skin-cards elementor-grid\" role=\"list\">\n\t\t\t\t<article class=\"elementor-post elementor-grid-item post-2628 post type-post status-publish format-standard hentry category-allgemein\" role=\"listitem\">\n\t\t\t<div class=\"elementor-post__card\">\n\t\t\t\t<div class=\"elementor-post__text\">\n\t\t\t\t<h3 class=\"elementor-post__title\">\n\t\t\t<a href=\"https:\/\/nachhilfe.schulen-nl.de\/nachhilfee-wp\/2026\/03\/24\/foerderung-durch-die-zukunftsstiftung-der-sparkasse-nuernberg\/\" >\n\t\t\t\tF\u00f6rderung durch die Zukunftsstiftung der Sparkasse N\u00fcrnberg\t\t\t<\/a>\n\t\t<\/h3>\n\t\t\t\t<div class=\"elementor-post__excerpt\">\n\t\t\t<p>Wir freuen uns sehr, dass die Zukunftsstiftung der Sparkasse das Projekt NachhilFEE im Jahr 2026 mit einer F\u00f6rderung in H\u00f6he von 10.000 \u20ac unterst\u00fctzt hat.<\/p>\n\t\t<\/div>\n\t\t\t\t\t<div class=\"elementor-post__read-more-wrapper\">\n\t\t\n\t\t<a class=\"elementor-post__read-more\" href=\"https:\/\/nachhilfe.schulen-nl.de\/nachhilfee-wp\/2026\/03\/24\/foerderung-durch-die-zukunftsstiftung-der-sparkasse-nuernberg\/\" aria-label=\"Mehr \u00fcber F\u00f6rderung durch die Zukunftsstiftung der Sparkasse N\u00fcrnberg\" tabindex=\"-1\" >\n\t\t\tWeiterlesen \u00bb\t\t<\/a>\n\n\t\t\t\t\t<\/div>\n\t\t\t\t<\/div>\n\t\t\t\t<div class=\"elementor-post__meta-data\">\n\t\t\t\t\t<span class=\"elementor-post-date\">\n\t\t\t24. M\u00e4rz 2026\t\t<\/span>\n\t\t\t\t<\/div>\n\t\t\t\t\t<\/div>\n\t\t<\/article>\n\t\t\t\t<article class=\"elementor-post elementor-grid-item post-2597 post type-post status-publish format-standard hentry category-allgemein\" role=\"listitem\">\n\t\t\t<div class=\"elementor-post__card\">\n\t\t\t\t<div class=\"elementor-post__text\">\n\t\t\t\t<h3 class=\"elementor-post__title\">\n\t\t\t<a href=\"https:\/\/nachhilfe.schulen-nl.de\/nachhilfee-wp\/2025\/11\/18\/danke-an-den-rewe-markt-in-der-wetzendorfer-strasse-%f0%9f%99%8c\/\" >\n\t\t\t\tDanke an den REWE-Markt in der Wetzendorfer Stra\u00dfe! \ud83d\ude4c\t\t\t<\/a>\n\t\t<\/h3>\n\t\t\t\t<div class=\"elementor-post__excerpt\">\n\t\t\t<p>\ud83c\udf83 530 Euro f\u00fcr bessere Bildung \u2013 Danke an den REWE-Markt in der Wetzendorfer Stra\u00dfe! \ud83d\ude4c Die diesj\u00e4hrige K\u00fcrbisaktion des REWEMarktes in der Wetzendorfer Stra\u00dfe<\/p>\n\t\t<\/div>\n\t\t\t\t\t<div class=\"elementor-post__read-more-wrapper\">\n\t\t\n\t\t<a class=\"elementor-post__read-more\" href=\"https:\/\/nachhilfe.schulen-nl.de\/nachhilfee-wp\/2025\/11\/18\/danke-an-den-rewe-markt-in-der-wetzendorfer-strasse-%f0%9f%99%8c\/\" aria-label=\"Mehr \u00fcber Danke an den REWE-Markt in der Wetzendorfer Stra\u00dfe! \ud83d\ude4c\" tabindex=\"-1\" >\n\t\t\tWeiterlesen \u00bb\t\t<\/a>\n\n\t\t\t\t\t<\/div>\n\t\t\t\t<\/div>\n\t\t\t\t<div class=\"elementor-post__meta-data\">\n\t\t\t\t\t<span class=\"elementor-post-date\">\n\t\t\t18. November 2025\t\t<\/span>\n\t\t\t\t<\/div>\n\t\t\t\t\t<\/div>\n\t\t<\/article>\n\t\t\t\t<article class=\"elementor-post elementor-grid-item post-2588 post type-post status-publish format-standard hentry category-allgemein\" role=\"listitem\">\n\t\t\t<div class=\"elementor-post__card\">\n\t\t\t\t<div class=\"elementor-post__text\">\n\t\t\t\t<h3 class=\"elementor-post__title\">\n\t\t\t<a href=\"https:\/\/nachhilfe.schulen-nl.de\/nachhilfee-wp\/2025\/11\/07\/die-buergerstiftung-kerscher-unterstuetzt-die-nachhilfee-erneut-mit-10-000-euro-%f0%9f%92%9b\/\" >\n\t\t\t\tDie B\u00fcrgerstiftung Kerscher unterst\u00fctzt die NachhilFEE erneut mit 10.000 Euro \ud83d\udc9b\t\t\t<\/a>\n\t\t<\/h3>\n\t\t\t\t<div class=\"elementor-post__excerpt\">\n\t\t\t<p>Was f\u00fcr eine sch\u00f6ne Nachricht: Die B\u00fcrgerstiftung Kerscher setzt ihr soziales Engagement fort und unterst\u00fctzt unser Bildungsprojekt NachhilFEE auch im Schuljahr 2025\/2026 wieder mit 10.000<\/p>\n\t\t<\/div>\n\t\t\t\t\t<div class=\"elementor-post__read-more-wrapper\">\n\t\t\n\t\t<a class=\"elementor-post__read-more\" href=\"https:\/\/nachhilfe.schulen-nl.de\/nachhilfee-wp\/2025\/11\/07\/die-buergerstiftung-kerscher-unterstuetzt-die-nachhilfee-erneut-mit-10-000-euro-%f0%9f%92%9b\/\" aria-label=\"Mehr \u00fcber Die B\u00fcrgerstiftung Kerscher unterst\u00fctzt die NachhilFEE erneut mit 10.000 Euro \ud83d\udc9b\" tabindex=\"-1\" >\n\t\t\tWeiterlesen \u00bb\t\t<\/a>\n\n\t\t\t\t\t<\/div>\n\t\t\t\t<\/div>\n\t\t\t\t<div class=\"elementor-post__meta-data\">\n\t\t\t\t\t<span class=\"elementor-post-date\">\n\t\t\t7. November 2025\t\t<\/span>\n\t\t\t\t<\/div>\n\t\t\t\t\t<\/div>\n\t\t<\/article>\n\t\t\t\t<article class=\"elementor-post elementor-grid-item post-2545 post type-post status-publish format-standard hentry category-allgemein\" role=\"listitem\">\n\t\t\t<div class=\"elementor-post__card\">\n\t\t\t\t<div class=\"elementor-post__text\">\n\t\t\t\t<h3 class=\"elementor-post__title\">\n\t\t\t<a href=\"https:\/\/nachhilfe.schulen-nl.de\/nachhilfee-wp\/2025\/11\/05\/gestern-durfte-alex-wexler-beim-%f0%9f%93%9a-bildungsdialog-mit-kultusministerin-anna-stolz-einen-impulsvortrag-ueber-mein-herzensprojekt-%e2%9c%a8-nachhilfee-halten\/\" >\n\t\t\t\tGestern durfte Alex Wexler beim \ud83d\udcda Bildungsdialog mit Kultusministerin Anna Stolz einen Impulsvortrag \u00fcber sein Herzensprojekt \u2728 NachhilFEE halten.\t\t\t<\/a>\n\t\t<\/h3>\n\t\t\t\t<div class=\"elementor-post__excerpt\">\n\t\t\t<p>Besonders stolz sind wir auf alle Unterst\u00fctzerinnen und Unterst\u00fctzer \ud83d\ude4c, die mit so viel Herzblut, Engagement und \u00dcberzeugung hinter dem Projekt stehen. Der gro\u00dfer Dank<\/p>\n\t\t<\/div>\n\t\t\t\t\t<div class=\"elementor-post__read-more-wrapper\">\n\t\t\n\t\t<a class=\"elementor-post__read-more\" href=\"https:\/\/nachhilfe.schulen-nl.de\/nachhilfee-wp\/2025\/11\/05\/gestern-durfte-alex-wexler-beim-%f0%9f%93%9a-bildungsdialog-mit-kultusministerin-anna-stolz-einen-impulsvortrag-ueber-mein-herzensprojekt-%e2%9c%a8-nachhilfee-halten\/\" aria-label=\"Mehr \u00fcber Gestern durfte Alex Wexler beim \ud83d\udcda Bildungsdialog mit Kultusministerin Anna Stolz einen Impulsvortrag \u00fcber sein Herzensprojekt \u2728 NachhilFEE halten.\" tabindex=\"-1\" >\n\t\t\tWeiterlesen \u00bb\t\t<\/a>\n\n\t\t\t\t\t<\/div>\n\t\t\t\t<\/div>\n\t\t\t\t<div class=\"elementor-post__meta-data\">\n\t\t\t\t\t<span class=\"elementor-post-date\">\n\t\t\t5. November 2025\t\t<\/span>\n\t\t\t\t<\/div>\n\t\t\t\t\t<\/div>\n\t\t<\/article>\n\t\t\t\t<article class=\"elementor-post elementor-grid-item post-2535 post type-post status-publish format-standard hentry category-allgemein\" role=\"listitem\">\n\t\t\t<div class=\"elementor-post__card\">\n\t\t\t\t<div class=\"elementor-post__text\">\n\t\t\t\t<h3 class=\"elementor-post__title\">\n\t\t\t<a href=\"https:\/\/nachhilfe.schulen-nl.de\/nachhilfee-wp\/2025\/11\/05\/nachhilfee-startet-in-ihr-6-schuljahr\/\" >\n\t\t\t\tNachhilFEE startet in ihr 6. Schuljahr\t\t\t<\/a>\n\t\t<\/h3>\n\t\t\t\t<div class=\"elementor-post__excerpt\">\n\t\t\t<p>N\u00dcRNBERGER LAND (lra) \u2013 NachhilFEE startet in ihr 6. Schuljahr In diesem Schuljahr 2025\/2026 findet das Projekt NachhilFEE im Landkreis N\u00fcrnberger Land an allen staatlichen<\/p>\n\t\t<\/div>\n\t\t\t\t\t<div class=\"elementor-post__read-more-wrapper\">\n\t\t\n\t\t<a class=\"elementor-post__read-more\" href=\"https:\/\/nachhilfe.schulen-nl.de\/nachhilfee-wp\/2025\/11\/05\/nachhilfee-startet-in-ihr-6-schuljahr\/\" aria-label=\"Mehr \u00fcber NachhilFEE startet in ihr 6. Schuljahr\" tabindex=\"-1\" >\n\t\t\tWeiterlesen \u00bb\t\t<\/a>\n\n\t\t\t\t\t<\/div>\n\t\t\t\t<\/div>\n\t\t\t\t<div class=\"elementor-post__meta-data\">\n\t\t\t\t\t<span class=\"elementor-post-date\">\n\t\t\t5. November 2025\t\t<\/span>\n\t\t\t\t<\/div>\n\t\t\t\t\t<\/div>\n\t\t<\/article>\n\t\t\t\t<article class=\"elementor-post elementor-grid-item post-2521 post type-post status-publish format-standard hentry category-allgemein\" role=\"listitem\">\n\t\t\t<div class=\"elementor-post__card\">\n\t\t\t\t<div class=\"elementor-post__text\">\n\t\t\t\t<h3 class=\"elementor-post__title\">\n\t\t\t<a href=\"https:\/\/nachhilfe.schulen-nl.de\/nachhilfee-wp\/2025\/07\/22\/nachhilfee-meets-1-fc-nuernberg\/\" >\n\t\t\t\tNachhilFEE meets 1. FC N\u00fcrnberg\t\t\t<\/a>\n\t\t<\/h3>\n\t\t\t\t<div class=\"elementor-post__excerpt\">\n\t\t\t<p>\ud83c\udf89 Besonderer Tag f\u00fcr engagierte Sch\u00fclerinnen und Sch\u00fcler! \u26bd\ufe0f\ud83d\ude4c Heute durften rund 30 Kinder aus der Grundschule Feucht und der Mittelschule Hersbruck ein ganz besonderes<\/p>\n\t\t<\/div>\n\t\t\t\t\t<div class=\"elementor-post__read-more-wrapper\">\n\t\t\n\t\t<a class=\"elementor-post__read-more\" href=\"https:\/\/nachhilfe.schulen-nl.de\/nachhilfee-wp\/2025\/07\/22\/nachhilfee-meets-1-fc-nuernberg\/\" aria-label=\"Mehr \u00fcber NachhilFEE meets 1. FC N\u00fcrnberg\" tabindex=\"-1\" >\n\t\t\tWeiterlesen \u00bb\t\t<\/a>\n\n\t\t\t\t\t<\/div>\n\t\t\t\t<\/div>\n\t\t\t\t<div class=\"elementor-post__meta-data\">\n\t\t\t\t\t<span class=\"elementor-post-date\">\n\t\t\t22. Juli 2025\t\t<\/span>\n\t\t\t\t<\/div>\n\t\t\t\t\t<\/div>\n\t\t<\/article>\n\t\t\t\t<\/div>\n\t\t\n\t\t\t\t<div class=\"e-load-more-anchor\" data-page=\"1\" data-max-page=\"4\" data-next-page=\"https:\/\/nachhilfe.schulen-nl.de\/nachhilfee-wp\/wp-json\/wp\/v2\/pages\/1262\/page\/2\/\"><\/div>\n\t\t\t\t<nav class=\"elementor-pagination\" aria-label=\"Seitennummerierung\">\n\t\t\t<span aria-current=\"page\" class=\"page-numbers current\"><span class=\"elementor-screen-only\">Seite<\/span>1<\/span>\n<a class=\"page-numbers\" href=\"https:\/\/nachhilfe.schulen-nl.de\/nachhilfee-wp\/wp-json\/wp\/v2\/pages\/1262\/page\/2\/\"><span class=\"elementor-screen-only\">Seite<\/span>2<\/a>\n<a class=\"page-numbers\" href=\"https:\/\/nachhilfe.schulen-nl.de\/nachhilfee-wp\/wp-json\/wp\/v2\/pages\/1262\/page\/3\/\"><span class=\"elementor-screen-only\">Seite<\/span>3<\/a>\n<a class=\"page-numbers\" href=\"https:\/\/nachhilfe.schulen-nl.de\/nachhilfee-wp\/wp-json\/wp\/v2\/pages\/1262\/page\/4\/\"><span class=\"elementor-screen-only\">Seite<\/span>4<\/a>\t\t<\/nav>\n\t\t\t\t\t\t<\/div>\n\t\t\t\t<\/div>\n\t\t\t\t\t<\/div>\n\t\t<\/div>\n\t\t\t\t<div class=\"elementor-column elementor-col-16 elementor-top-column elementor-element elementor-element-f38fe38 elementor-hidden-tablet elementor-hidden-mobile\" data-id=\"f38fe38\" data-element_type=\"column\" data-e-type=\"column\">\n\t\t\t<div class=\"elementor-widget-wrap\">\n\t\t\t\t\t\t\t<\/div>\n\t\t<\/div>\n\t\t\t\t\t<\/div>\n\t\t<\/section>\n\t\t\t\t<\/div>\n\t\t","protected":false},"excerpt":{"rendered":"","protected":false},"author":1,"featured_media":0,"parent":0,"menu_order":0,"comment_status":"closed","ping_status":"closed","template":"","meta":{"inline_featured_image":false,"iawp_total_views":298,"footnotes":""},"class_list":["post-1262","page","type-page","status-publish","hentry"],"_links":{"self":[{"href":"https:\/\/nachhilfe.schulen-nl.de\/nachhilfee-wp\/wp-json\/wp\/v2\/pages\/1262","targetHints":{"allow":["GET"]}}],"collection":[{"href":"https:\/\/nachhilfe.schulen-nl.de\/nachhilfee-wp\/wp-json\/wp\/v2\/pages"}],"about":[{"href":"https:\/\/nachhilfe.schulen-nl.de\/nachhilfee-wp\/wp-json\/wp\/v2\/types\/page"}],"author":[{"embeddable":true,"href":"https:\/\/nachhilfe.schulen-nl.de\/nachhilfee-wp\/wp-json\/wp\/v2\/users\/1"}],"replies":[{"embeddable":true,"href":"https:\/\/nachhilfe.schulen-nl.de\/nachhilfee-wp\/wp-json\/wp\/v2\/comments?post=1262"}],"version-history":[{"count":13,"href":"https:\/\/nachhilfe.schulen-nl.de\/nachhilfee-wp\/wp-json\/wp\/v2\/pages\/1262\/revisions"}],"predecessor-version":[{"id":1811,"href":"https:\/\/nachhilfe.schulen-nl.de\/nachhilfee-wp\/wp-json\/wp\/v2\/pages\/1262\/revisions\/1811"}],"wp:attachment":[{"href":"https:\/\/nachhilfe.schulen-nl.de\/nachhilfee-wp\/wp-json\/wp\/v2\/media?parent=1262"}],"curies":[{"name":"wp","href":"https:\/\/api.w.org\/{rel}","templated":true}]}}